{"id":743,"date":"2026-01-25T03:32:54","date_gmt":"2026-01-25T03:32:54","guid":{"rendered":"http:\/\/dgamerenerd.com.br\/?page_id=743"},"modified":"2026-04-02T18:23:16","modified_gmt":"2026-04-02T21:23:16","slug":"contact","status":"publish","type":"page","link":"https:\/\/dgamerenerd.com.br\/?page_id=743","title":{"rendered":"Contact"},"content":{"rendered":"<p class=\"isSelectedEnd\">A <strong>DGamer Nerd<\/strong> nasceu da paix\u00e3o pelo universo gamer e pela cultura nerd. Nosso objetivo \u00e9 trazer conte\u00fado atualizado, relevante e envolvente para todos que vivem esse mundo \u2014 seja nos games, animes, filmes ou tecnologia.<br \/>\nSomos mais do que um site de not\u00edcias: somos um ponto de encontro para quem acompanha lan\u00e7amentos, quer descobrir novidades e ficar por dentro de tudo que acontece no cen\u00e1rio geek.<\/p>\n<p>Aqui voc\u00ea encontra:<\/p>\n<ul data-spread=\"false\">\n<li>\ud83d\udd79\ufe0f Not\u00edcias do mundo dos games<\/li>\n<li>\ud83c\udfac Conte\u00fado sobre filmes e s\u00e9ries<\/li>\n<li>\ud83e\udde0 Cultura nerd e curiosidades<\/li>\n<li>\ud83d\udcfa Animes e lan\u00e7amentos<\/li>\n<li>\u26a1 Tend\u00eancias e tecnologia<\/li>\n<\/ul>\n<p class=\"isSelectedEnd\">\nNosso compromisso \u00e9 entregar informa\u00e7\u00e3o de forma clara, r\u00e1pida e com qualidade, sempre pensando na melhor experi\u00eancia para o leitor.<\/p>\n<p class=\"isSelectedEnd\">Se voc\u00ea \u00e9 apaixonado por esse universo, voc\u00ea j\u00e1 faz parte da DGamer Nerd.<\/p>\n<p>\ud83d\ude80 <strong>DGamer Nerd \u2014 Seu Lugar \u00e9 aqui!<\/strong><\/p>\n<div class=\"row clearfix\">\n<div class=\"col-md-6\">\n<h4 class=\"p1\"><strong>Endere\u00e7o<\/strong><\/h4>\n<p>Rua Bangu, 1790<br \/>\nUniversit\u00e1rio<\/p>\n<\/div>\n<div class=\"col-md-6\">\n<h4 class=\"p1\"><strong>Contato<\/strong><\/h4>\n<p><a href=\"https:\/\/www.google.com\/search?q=dgamer+e+nerd&amp;rlz=1C1VDKB_pt-PTBR1088BR1088&amp;oq=dgamer+e+&amp;gs_lcrp=EgZjaHJvbWUqBggAEEUYOzIGCAAQRRg7MgYIARBFGDkyBggCEEUYPDIGCAMQRRg8MgYIBBBFGEEyBggFEEUYQTIGCAYQRRhB0gEIMTI1MGowajeoAgCwAgA&amp;sourceid=chrome&amp;ie=UTF-8#\" data-dtype=\"d3ph\" data-local-attribute=\"d3ph\" data-ved=\"2ahUKEwj037GxjNCTAxVWjpUCHevdEhEQkAgoAHoECDMQAg\"><span aria-label=\"Ligar para (54) 3537-8646\">(54) 3537-8646<\/span><\/a><br \/>\nEmail: contato@dgamerenerd.com.br<\/p>\n<\/div>\n<\/div>\n<h4 class=\"p1\"><strong>Get in touch<\/strong><\/h4>\n\n<div class=\"wpcf7 no-js\" id=\"wpcf7-f853-o1\" lang=\"en-US\" dir=\"ltr\" data-wpcf7-id=\"853\">\n<div class=\"screen-reader-response\"><p role=\"status\" aria-live=\"polite\" aria-atomic=\"true\"><\/p> <ul><\/ul><\/div>\n<form action=\"\/index.php?rest_route=%2Fwp%2Fv2%2Fpages%2F743#wpcf7-f853-o1\" method=\"post\" class=\"wpcf7-form init\" aria-label=\"Contact form\" novalidate=\"novalidate\" data-status=\"init\">\n<fieldset class=\"hidden-fields-container\"><input type=\"hidden\" name=\"_wpcf7\" value=\"853\" \/><input type=\"hidden\" name=\"_wpcf7_version\" value=\"6.1.5\" \/><input type=\"hidden\" name=\"_wpcf7_locale\" value=\"en_US\" \/><input type=\"hidden\" name=\"_wpcf7_unit_tag\" value=\"wpcf7-f853-o1\" \/><input type=\"hidden\" name=\"_wpcf7_container_post\" value=\"0\" \/><input type=\"hidden\" name=\"_wpcf7_posted_data_hash\" value=\"\" \/>\n<\/fieldset>\n<p><label> Seu Nome<br \/>\n<span class=\"wpcf7-form-control-wrap\" data-name=\"your-name\"><input size=\"40\" maxlength=\"400\" class=\"wpcf7-form-control wpcf7-text wpcf7-validates-as-required\" autocomplete=\"name\" aria-required=\"true\" aria-invalid=\"false\" value=\"\" type=\"text\" name=\"your-name\" \/><\/span> <\/label>\n<\/p>\n<p><label> Seu Email<br \/>\n<span class=\"wpcf7-form-control-wrap\" data-name=\"your-email\"><input size=\"40\" maxlength=\"400\" class=\"wpcf7-form-control wpcf7-email wpcf7-validates-as-required wpcf7-text wpcf7-validates-as-email\" autocomplete=\"email\" aria-required=\"true\" aria-invalid=\"false\" value=\"\" type=\"email\" name=\"your-email\" \/><\/span> <\/label>\n<\/p>\n<p><label> Seu Telefone<br \/>\n<span class=\"wpcf7-form-control-wrap\" data-name=\"your-subject\"><input size=\"40\" maxlength=\"400\" class=\"wpcf7-form-control wpcf7-text wpcf7-validates-as-required\" aria-required=\"true\" aria-invalid=\"false\" value=\"\" type=\"text\" name=\"your-subject\" \/><\/span> <\/label>\n<\/p>\n<p><label> Sua Mensagem (optional)<br \/>\n<span class=\"wpcf7-form-control-wrap\" data-name=\"your-message\"><textarea cols=\"40\" rows=\"10\" maxlength=\"2000\" class=\"wpcf7-form-control wpcf7-textarea\" aria-invalid=\"false\" name=\"your-message\"><\/textarea><\/span> <\/label>\n<\/p>\n<p><input class=\"wpcf7-form-control wpcf7-submit has-spinner\" type=\"submit\" value=\"Enviar\" \/>\n<\/p><div class=\"wpcf7-response-output\" aria-hidden=\"true\"><\/div>\n<\/form>\n<\/div>\n\n","protected":false},"excerpt":{"rendered":"<p>A DGamer Nerd nasceu da paix\u00e3o pelo universo gamer e pela cultura nerd. Nosso objetivo \u00e9 trazer conte\u00fado atualizado, relevante e envolvente para todos que vivem esse mundo \u2014 seja nos games, animes, filmes ou tecnologia. Somos mais do que um site de not\u00edcias: somos um ponto de encontro para quem acompanha lan\u00e7amentos, quer descobrir [&hellip;]<\/p>\n","protected":false},"author":1,"featured_media":0,"parent":0,"menu_order":0,"comment_status":"closed","ping_status":"closed","template":"","meta":{"jnews_page_loop":[],"jnews_single_page":{"layout":"right-sidebar","sidebar":"contact","share_position":"hide"},"jnews_social_meta":[],"_joinchat":[],"footnotes":""},"class_list":["post-743","page","type-page","status-publish","hentry"],"_links":{"self":[{"href":"https:\/\/dgamerenerd.com.br\/index.php?rest_route=\/wp\/v2\/pages\/743","targetHints":{"allow":["GET"]}}],"collection":[{"href":"https:\/\/dgamerenerd.com.br\/index.php?rest_route=\/wp\/v2\/pages"}],"about":[{"href":"https:\/\/dgamerenerd.com.br\/index.php?rest_route=\/wp\/v2\/types\/page"}],"author":[{"embeddable":true,"href":"https:\/\/dgamerenerd.com.br\/index.php?rest_route=\/wp\/v2\/users\/1"}],"replies":[{"embeddable":true,"href":"https:\/\/dgamerenerd.com.br\/index.php?rest_route=%2Fwp%2Fv2%2Fcomments&post=743"}],"version-history":[{"count":1,"href":"https:\/\/dgamerenerd.com.br\/index.php?rest_route=\/wp\/v2\/pages\/743\/revisions"}],"predecessor-version":[{"id":889,"href":"https:\/\/dgamerenerd.com.br\/index.php?rest_route=\/wp\/v2\/pages\/743\/revisions\/889"}],"wp:attachment":[{"href":"https:\/\/dgamerenerd.com.br\/index.php?rest_route=%2Fwp%2Fv2%2Fmedia&parent=743"}],"curies":[{"name":"wp","href":"https:\/\/api.w.org\/{rel}","templated":true}]}}